{"id":256,"date":"2024-10-24T20:29:38","date_gmt":"2024-10-24T18:29:38","guid":{"rendered":"https:\/\/bounty.chat\/blog\/?page_id=256"},"modified":"2026-03-15T23:38:59","modified_gmt":"2026-03-15T22:38:59","slug":"cocolande-decouvrez-le-tchat-bounty","status":"publish","type":"page","link":"https:\/\/bounty.chat\/blog\/cocolande-decouvrez-le-tchat-bounty\/","title":{"rendered":"D\u00e9couvrez le tchat Bounty !"},"content":{"rendered":"\n<div class=\"wp-block-stackable-call-to-action alignfull stk-block-call-to-action stk-block stk-c72b0a2 stk-block-background stk--has-background-overlay\" data-v=\"2\" data-block-id=\"c72b0a2\"><style>.stk-c72b0a2 {background-color:linear-gradient(90deg,rgb(93,50,39) 0%,rgb(93,50,39) 45%,rgba(92,49,39,0.48) 100%) !important;background-image:url(https:\/\/bounty.chat\/blog\/wp-content\/uploads\/2024\/09\/Capture-decran-2024-09-01-a-02.02.45.png) !important;min-height:600px !important;align-items:center !important;margin-bottom:0px !important;display:flex !important;}.stk-c72b0a2:before{opacity:0.5 !important;background-image:linear-gradient(90deg,rgb(93,50,39) 0%,rgb(93,50,39) 45%,rgba(92,49,39,0.48) 100%) !important;}<\/style><div class=\"stk-block-call-to-action__content stk-content-align stk-c72b0a2-column alignwide stk-container stk-c72b0a2-container stk--no-background stk--no-padding\"><div class=\"has-text-align-left stk-block-content stk-inner-blocks stk-c72b0a2-inner-blocks\">\n<div class=\"wp-block-stackable-heading stk-block-heading stk-block-heading--v2 stk-block stk-636be16\" id=\"pro\" data-block-id=\"636be16\"><style>.stk-636be16 .stk-block-heading__text{font-size:55px !important;color:#FFFFFF !important;font-weight:600 !important;font-family:\"Lato\", Sans-serif !important;}@media screen and (max-width: 1023px){.stk-636be16 .stk-block-heading__text{font-size:50px !important;}}<\/style><h1 class=\"stk-block-heading__text has-text-color has-white-color\"><strong>D\u00e9couvrez le tchat Bounty !<\/strong> <\/h1><\/div>\n\n\n\n<div class=\"wp-block-stackable-text stk-block-text stk-block stk-62733eb\" data-block-id=\"62733eb\"><style>.stk-62733eb .stk-block-text__text{font-size:22px !important;color:#FFFFFF !important;}@media screen and (max-width: 1023px){.stk-62733eb .stk-block-text__text{font-size:22px !important;}}<\/style><p class=\"stk-block-text__text has-text-color has-white-color\"><strong>Bounty est un tchat en ligne gratuit et sans inscription. D\u00e9couvrez la recherche par d\u00e9partement, les salons th\u00e9matiques ainsi que les micros\/cam !<\/strong><\/p><\/div>\n\n\n\n<div class=\"wp-block-stackable-button-group stk-block-button-group stk-block stk-316d6c6\" data-block-id=\"316d6c6\"><div class=\"stk-row stk-inner-blocks stk-block-content stk-button-group\">\n<div class=\"wp-block-stackable-button stk-block-button stk-block stk-5cda023\" data-block-id=\"5cda023\"><style>.stk-5cda023:hover{opacity:0.8 !important;}.stk-5cda023 .stk-button{padding-right:24px !important;padding-left:24px !important;background:var(--ast-global-color-5) !important;border-top-left-radius:6px !important;border-top-right-radius:6px !important;border-bottom-right-radius:6px !important;border-bottom-left-radius:6px !important;}.stk-5cda023 .stk-button:before{border-color:#7bdcb5 !important;}.stk-5cda023 .stk-button .stk--inner-svg svg:last-child, .stk-5cda023 .stk-button .stk--inner-svg svg:last-child :is(g, path, rect, polygon, ellipse){fill:#7bdcb5 !important;}.stk-5cda023 .stk-button__inner-text{font-size:18px !important;color:#5d3227 !important;}@media screen and (max-width: 1023px){.stk-5cda023 .stk-button__inner-text{font-size:18px !important;}}<\/style><a class=\"stk-link stk-button stk--hover-effect-darken\" href=\"https:\/\/chatnow.fr\/\"><span class=\"has-text-color has-black-color stk-button__inner-text\"><strong>ACC\u00c9DER AU TCHAT !<\/strong><\/span><\/a><\/div>\n<\/div><\/div>\n<\/div><\/div><\/div>\n\n\n\n<div class=\"wp-block-stackable-feature alignwide stk-block-feature stk-block stk-5ea091d is-style-default\" data-v=\"2\" data-block-id=\"5ea091d\"><style>.stk-5ea091d {--stk-feature-flex-wrap:nowrap !important;}.stk-5ea091d-container{box-shadow:0px 2px 20px #99999933 !important;}<\/style><div class=\"stk-content-align stk-5ea091d-column alignwide stk-container stk-5ea091d-container stk-hover-parent\"><div class=\"stk-inner-blocks stk-block-content stk-row\">\n<div class=\"wp-block-stackable-column stk-block-column stk-column stk-block stk-822b384\" data-v=\"4\" data-block-id=\"822b384\"><style>.stk-822b384 {align-self:center !important;}<\/style><div class=\"stk-column-wrapper stk-block-column__content stk-container stk-822b384-container stk--no-background stk--no-padding\"><div class=\"stk-block-content stk-inner-blocks stk-822b384-inner-blocks\">\n<div class=\"wp-block-stackable-image stk-block-image stk-block stk-743e2c0\" data-block-id=\"743e2c0\"><figure><span class=\"stk-img-wrapper stk-image--shape-stretch\"><img loading=\"lazy\" decoding=\"async\" class=\"stk-img wp-image-260\" src=\"https:\/\/bounty.chat\/blog\/wp-content\/uploads\/2024\/10\/Capture-decran-2024-10-24-a-20.37.58.png\" width=\"1256\" height=\"876\" alt=\"Rencontre \u00e0 proximit\u00e9\" srcset=\"https:\/\/bounty.chat\/blog\/wp-content\/uploads\/2024\/10\/Capture-decran-2024-10-24-a-20.37.58.png 1256w, https:\/\/bounty.chat\/blog\/wp-content\/uploads\/2024\/10\/Capture-decran-2024-10-24-a-20.37.58-300x209.png 300w, https:\/\/bounty.chat\/blog\/wp-content\/uploads\/2024\/10\/Capture-decran-2024-10-24-a-20.37.58-1024x714.png 1024w, https:\/\/bounty.chat\/blog\/wp-content\/uploads\/2024\/10\/Capture-decran-2024-10-24-a-20.37.58-768x536.png 768w\" sizes=\"auto, (max-width: 1256px) 100vw, 1256px\" \/><\/span><\/figure><\/div>\n<\/div><\/div><\/div>\n\n\n\n<div class=\"wp-block-stackable-column stk-block-column stk-column stk-block stk-ebdfff5\" data-v=\"4\" data-block-id=\"ebdfff5\"><style>.stk-ebdfff5 {align-self:center !important;}.stk-ebdfff5-inner-blocks{justify-content:center !important;}.stk-ebdfff5-container{display:flex !important;}<\/style><div class=\"stk-column-wrapper stk-block-column__content stk-container stk-ebdfff5-container stk--no-background stk--no-padding\"><div class=\"stk-block-content stk-inner-blocks stk-ebdfff5-inner-blocks\">\n<div class=\"wp-block-stackable-heading stk-block-heading stk-block-heading--v2 stk-block stk-99c0388\" id=\"un-tchat-cam-et-local\" data-block-id=\"99c0388\"><style>.stk-99c0388 .stk-block-heading__text{color:#5d3227 !important;font-weight:bold !important;font-family:\"Lato\", Sans-serif !important;}<\/style><h2 class=\"stk-block-heading__text has-text-color\">Un tchat cam et local ! <\/h2><\/div>\n\n\n\n<div class=\"wp-block-stackable-text stk-block-text stk-block stk-e5d1920\" data-block-id=\"e5d1920\"><p class=\"stk-block-text__text\">Bounty est un tchat qui offre la possibilit\u00e9 de parler et de rencontre des personnes autour de soi. En effet, en rentrant son code postal, les utilisateurs les plus proche de vous vous seront affich\u00e9s ! Vous pourrez donc faire des rencontres locales extr\u00eamement cibl\u00e9es gr\u00e2ce \u00e0 Bounty !<\/p><\/div>\n\n\n\n<p><\/p>\n<\/div><\/div><\/div>\n<\/div><\/div><\/div>\n\n\n\n<div class=\"wp-block-stackable-feature alignwide stk-block-feature stk-block stk-da76ce8 is-style-default\" data-v=\"2\" data-block-id=\"da76ce8\"><style>.stk-da76ce8 {--stk-feature-flex-wrap:nowrap !important;}<\/style><div class=\"stk-content-align stk-da76ce8-column alignwide stk-container stk-da76ce8-container stk--no-background stk--no-padding\"><div class=\"stk-inner-blocks stk-block-content stk-row\">\n<div class=\"wp-block-stackable-column stk-block-column stk-column stk-block stk-f835677\" data-v=\"4\" data-block-id=\"f835677\"><style>.stk-f835677 {align-self:center !important;}<\/style><div class=\"stk-column-wrapper stk-block-column__content stk-container stk-f835677-container stk--no-background stk--no-padding\"><div class=\"stk-block-content stk-inner-blocks stk-f835677-inner-blocks\">\n<div class=\"wp-block-stackable-heading stk-block-heading stk-block-heading--v2 stk-block stk-213f612\" id=\"ho\" data-block-id=\"213f612\"><style>.stk-213f612 .stk-block-heading__text{color:#5d3227 !important;font-weight:bold !important;font-family:\"Lato\", Sans-serif !important;}<\/style><h2 class=\"stk-block-heading__text has-text-color\">Des salons th\u00e9matiques \ud83c\udf10<\/h2><\/div>\n\n\n\n<div class=\"wp-block-stackable-text stk-block-text stk-block stk-7359437\" data-block-id=\"7359437\"><p class=\"stk-block-text__text\">BoTBounty offre la possibilit\u00e9 d&rsquo;explorer tout un tas de salons th\u00e9matiques, qu&rsquo;ils soient adulte ou non. Ainsi, vous pourrez retrouver des salons c\u00e9l\u00e8bres tel que \u00ab\u00a0Discu sympa\u00a0\u00bb ou \u00ab\u00a0retrait\u00e9\u00a0\u00bb. Vous retrouverez \u00e9galement des salons adultes, tel que le salon \u00ab\u00a0fantasme\u00a0\u00bb, ou \u00ab\u00a0sc\u00e9nario\u00a0\u00bb, \u00ab\u00a0hentai\u00a0\u00bb, \u00ab\u00a0MILF\u00a0\u00bb&#8230; il y en a pour tout les go\u00fbts !<\/p><\/div>\n<\/div><\/div><\/div>\n\n\n\n<div class=\"wp-block-stackable-column stk-block-column stk-column stk-block stk-3454390\" data-v=\"4\" data-block-id=\"3454390\"><style>.stk-3454390 {align-self:center !important;}<\/style><div class=\"stk-column-wrapper stk-block-column__content stk-container stk-3454390-container stk--no-background stk--no-padding\"><div class=\"stk-block-content stk-inner-blocks stk-3454390-inner-blocks\">\n<div class=\"wp-block-stackable-image stk-block-image stk-block stk-27b21b0\" data-block-id=\"27b21b0\"><style>.stk-27b21b0 .stk-img-wrapper{width:100% !important;height:100% !important;}<\/style><figure><span class=\"stk-img-wrapper stk-image--shape-stretch\"><img loading=\"lazy\" decoding=\"async\" class=\"stk-img wp-image-261\" src=\"https:\/\/bounty.chat\/blog\/wp-content\/uploads\/2024\/10\/Capture-decran-2024-10-24-a-20.50.32.png\" width=\"2138\" height=\"1538\" alt=\"Bounty le tchat sans inscription\" srcset=\"https:\/\/bounty.chat\/blog\/wp-content\/uploads\/2024\/10\/Capture-decran-2024-10-24-a-20.50.32.png 2138w, https:\/\/bounty.chat\/blog\/wp-content\/uploads\/2024\/10\/Capture-decran-2024-10-24-a-20.50.32-300x216.png 300w, https:\/\/bounty.chat\/blog\/wp-content\/uploads\/2024\/10\/Capture-decran-2024-10-24-a-20.50.32-1024x737.png 1024w, https:\/\/bounty.chat\/blog\/wp-content\/uploads\/2024\/10\/Capture-decran-2024-10-24-a-20.50.32-768x552.png 768w, https:\/\/bounty.chat\/blog\/wp-content\/uploads\/2024\/10\/Capture-decran-2024-10-24-a-20.50.32-1536x1105.png 1536w, https:\/\/bounty.chat\/blog\/wp-content\/uploads\/2024\/10\/Capture-decran-2024-10-24-a-20.50.32-2048x1473.png 2048w\" sizes=\"auto, (max-width: 2138px) 100vw, 2138px\" \/><\/span><\/figure><\/div>\n<\/div><\/div><\/div>\n<\/div><\/div><\/div>\n\n\n\n<div class=\"wp-block-stackable-feature alignwide stk-block-feature stk-block stk-f2b22fc is-style-default\" data-v=\"2\" data-block-id=\"f2b22fc\"><style>.stk-f2b22fc {--stk-feature-flex-wrap:nowrap !important;}.stk-f2b22fc-container{box-shadow:0px 2px 20px #99999933 !important;}<\/style><div class=\"stk-content-align stk-f2b22fc-column alignwide stk-container stk-f2b22fc-container stk-hover-parent\"><div class=\"stk-inner-blocks stk-block-content stk-row\">\n<div class=\"wp-block-stackable-column stk-block-column stk-column stk-block stk-57ef6fd\" data-v=\"4\" data-block-id=\"57ef6fd\"><style>.stk-57ef6fd {align-self:center !important;}<\/style><div class=\"stk-column-wrapper stk-block-column__content stk-container stk-57ef6fd-container stk--no-background stk--no-padding\"><div class=\"stk-block-content stk-inner-blocks stk-57ef6fd-inner-blocks\">\n<div class=\"wp-block-stackable-image stk-block-image stk-block stk-a960a7a\" data-block-id=\"a960a7a\"><figure><span class=\"stk-img-wrapper stk-image--shape-stretch\"><img loading=\"lazy\" decoding=\"async\" class=\"stk-img wp-image-262\" src=\"https:\/\/bounty.chat\/blog\/wp-content\/uploads\/2024\/10\/Capture-decran-2024-10-24-a-20.52.58.png\" width=\"2160\" height=\"1624\" alt=\"Liste des salons \u00e0 th\u00e8me bounty\" srcset=\"https:\/\/bounty.chat\/blog\/wp-content\/uploads\/2024\/10\/Capture-decran-2024-10-24-a-20.52.58.png 2160w, https:\/\/bounty.chat\/blog\/wp-content\/uploads\/2024\/10\/Capture-decran-2024-10-24-a-20.52.58-300x226.png 300w, https:\/\/bounty.chat\/blog\/wp-content\/uploads\/2024\/10\/Capture-decran-2024-10-24-a-20.52.58-1024x770.png 1024w, https:\/\/bounty.chat\/blog\/wp-content\/uploads\/2024\/10\/Capture-decran-2024-10-24-a-20.52.58-768x577.png 768w, https:\/\/bounty.chat\/blog\/wp-content\/uploads\/2024\/10\/Capture-decran-2024-10-24-a-20.52.58-1536x1155.png 1536w, https:\/\/bounty.chat\/blog\/wp-content\/uploads\/2024\/10\/Capture-decran-2024-10-24-a-20.52.58-2048x1540.png 2048w\" sizes=\"auto, (max-width: 2160px) 100vw, 2160px\" \/><\/span><\/figure><\/div>\n<\/div><\/div><\/div>\n\n\n\n<div class=\"wp-block-stackable-column stk-block-column stk-column stk-block stk-dd841e1\" data-v=\"4\" data-block-id=\"dd841e1\"><style>.stk-dd841e1 {align-self:center !important;}.stk-dd841e1-inner-blocks{justify-content:center !important;}.stk-dd841e1-container{display:flex !important;}<\/style><div class=\"stk-column-wrapper stk-block-column__content stk-container stk-dd841e1-container stk--no-background stk--no-padding\"><div class=\"stk-block-content stk-inner-blocks stk-dd841e1-inner-blocks\">\n<div class=\"wp-block-stackable-heading stk-block-heading stk-block-heading--v2 stk-block stk-485d94a\" id=\"des-salons-th\" data-block-id=\"485d94a\"><style>.stk-485d94a .stk-block-heading__text{color:#5d3227 !important;font-weight:bold !important;font-family:\"Lato\", Sans-serif !important;}<\/style><h2 class=\"stk-block-heading__text has-text-color\">L&rsquo;esprit convivial sur Bounty ! \ud83d\udc7b<\/h2><\/div>\n\n\n\n<div class=\"wp-block-stackable-text stk-block-text stk-block stk-11c70b6\" data-block-id=\"11c70b6\"><p class=\"stk-block-text__text\">De par son positionnement, bounty a su r\u00e9unir et rassembler de nombreuses personnes en qu\u00eate de relation humaines solide. Bounty a su s&rsquo;imposer et devenir la r\u00e9ponse \u00e9vidente !<\/p><\/div>\n<\/div><\/div><\/div>\n<\/div><\/div><\/div>\n\n\n\n<p><\/p>\n","protected":false},"excerpt":{"rendered":"<p>D\u00e9couvrez le tchat Bounty ! Bounty est un tchat en ligne gratuit et sans inscription. D\u00e9couvrez la recherche par d\u00e9partement, [&hellip;]<\/p>\n","protected":false},"author":1,"featured_media":0,"parent":0,"menu_order":0,"comment_status":"closed","ping_status":"closed","template":"","meta":{"_seopress_robots_primary_cat":"","_seopress_titles_title":"Chat de discussion : d\u00e9couvrez le tchat Bounty ! \u2728","_seopress_titles_desc":"D\u00e9couvrez Bounty chat, le chat gratuit, direct et libre ! Bounty est \u00e9galement un tchat convivial !","_seopress_robots_index":"","site-sidebar-layout":"default","site-content-layout":"","ast-site-content-layout":"default","site-content-style":"default","site-sidebar-style":"default","ast-global-header-display":"","ast-banner-title-visibility":"","ast-main-header-display":"","ast-hfb-above-header-display":"","ast-hfb-below-header-display":"","ast-hfb-mobile-header-display":"","site-post-title":"","ast-breadcrumbs-content":"","ast-featured-img":"","footer-sml-layout":"","ast-disable-related-posts":"","theme-transparent-header-meta":"","adv-header-id-meta":"","stick-header-meta":"","header-above-stick-meta":"","header-main-stick-meta":"","header-below-stick-meta":"","astra-migrate-meta-layouts":"default","ast-page-background-enabled":"default","ast-page-background-meta":{"desktop":{"background-color":"var(--ast-global-color-4)","background-image":"","background-repeat":"repeat","background-position":"center center","background-size":"auto","background-attachment":"scroll","background-type":"","background-media":"","overlay-type":"","overlay-color":"","overlay-opacity":"","overlay-gradient":""},"tablet":{"background-color":"","background-image":"","background-repeat":"repeat","background-position":"center center","background-size":"auto","background-attachment":"scroll","background-type":"","background-media":"","overlay-type":"","overlay-color":"","overlay-opacity":"","overlay-gradient":""},"mobile":{"background-color":"","background-image":"","background-repeat":"repeat","background-position":"center center","background-size":"auto","background-attachment":"scroll","background-type":"","background-media":"","overlay-type":"","overlay-color":"","overlay-opacity":"","overlay-gradient":""}},"ast-content-background-meta":{"desktop":{"background-color":"var(--ast-global-color-5)","background-image":"","background-repeat":"repeat","background-position":"center center","background-size":"auto","background-attachment":"scroll","background-type":"","background-media":"","overlay-type":"","overlay-color":"","overlay-opacity":"","overlay-gradient":""},"tablet":{"background-color":"var(--ast-global-color-5)","background-image":"","background-repeat":"repeat","background-position":"center center","background-size":"auto","background-attachment":"scroll","background-type":"","background-media":"","overlay-type":"","overlay-color":"","overlay-opacity":"","overlay-gradient":""},"mobile":{"background-color":"var(--ast-global-color-5)","background-image":"","background-repeat":"repeat","background-position":"center center","background-size":"auto","background-attachment":"scroll","background-type":"","background-media":"","overlay-type":"","overlay-color":"","overlay-opacity":"","overlay-gradient":""}},"footnotes":""},"class_list":["post-256","page","type-page","status-publish","hentry"],"_links":{"self":[{"href":"https:\/\/bounty.chat\/blog\/wp-json\/wp\/v2\/pages\/256","targetHints":{"allow":["GET"]}}],"collection":[{"href":"https:\/\/bounty.chat\/blog\/wp-json\/wp\/v2\/pages"}],"about":[{"href":"https:\/\/bounty.chat\/blog\/wp-json\/wp\/v2\/types\/page"}],"author":[{"embeddable":true,"href":"https:\/\/bounty.chat\/blog\/wp-json\/wp\/v2\/users\/1"}],"replies":[{"embeddable":true,"href":"https:\/\/bounty.chat\/blog\/wp-json\/wp\/v2\/comments?post=256"}],"version-history":[{"count":2,"href":"https:\/\/bounty.chat\/blog\/wp-json\/wp\/v2\/pages\/256\/revisions"}],"predecessor-version":[{"id":1058,"href":"https:\/\/bounty.chat\/blog\/wp-json\/wp\/v2\/pages\/256\/revisions\/1058"}],"wp:attachment":[{"href":"https:\/\/bounty.chat\/blog\/wp-json\/wp\/v2\/media?parent=256"}],"curies":[{"name":"wp","href":"https:\/\/api.w.org\/{rel}","templated":true}]}}